{"id":3294,"date":"2026-01-27T12:04:03","date_gmt":"2026-01-27T12:04:03","guid":{"rendered":"https:\/\/www.justcha.pl\/?post_type=product&#038;p=3294"},"modified":"2026-04-25T08:02:21","modified_gmt":"2026-04-25T08:02:21","slug":"yue-guang-bai","status":"publish","type":"product","link":"https:\/\/www.justcha.pl\/uk\/product\/yue-guang-bai\/","title":{"rendered":"Yue Guang Bai"},"content":{"rendered":"<h2>Yue Guang Bai (\u6708\u5149\u767d) \u2014 \u0431\u0456\u043b\u0438\u0439 \u0447\u0430\u0439 \u00ab\u041c\u0456\u0441\u044f\u0447\u043d\u0435 \u0421\u044f\u0439\u0432\u043e\u00bb \u0437 \u042e\u043d\u044c\u043d\u0430\u043d\u044e<\/h2>\n<p><\/p>\n<p class=\"translation-block\">\u041d\u0456\u0436\u043d\u0438\u0439, \u043e\u043a\u0441\u0430\u043c\u0438\u0442\u043e\u0432\u0438\u0439 \u0456 \u0434\u0438\u0432\u043e\u0432\u0438\u0436\u043d\u043e \u00ab\u0447\u0438\u0441\u0442\u0438\u0439\u00bb \u0443 \u0441\u043f\u0440\u0438\u0439\u043d\u044f\u0442\u0442\u0456 \u0431\u0456\u043b\u0438\u0439 \u0447\u0430\u0439 \u0437 \u043f\u0440\u043e\u0432\u0456\u043d\u0446\u0456\u0457 <b>\u042e\u043d\u044c\u043d\u0430\u043d\u044c<\/b>. \u0412\u0438\u0433\u043e\u0442\u043e\u0432\u043b\u044f\u0454\u0442\u044c\u0441\u044f \u0437 <b>\u0432\u0435\u043b\u0438\u043a\u043e\u0433\u043e \u043b\u0438\u0441\u0442\u044f \u0442\u0430 \u0431\u0440\u0443\u043d\u044c\u043e\u043a \u0437\u0456 \u0441\u0442\u0430\u0440\u0438\u0445 \u0447\u0430\u0439\u043d\u0438\u0445 \u0434\u0435\u0440\u0435\u0432 \u0441\u043e\u0440\u0442\u0443 Da Ye Zhong<\/b>, \u0437\u0430\u0432\u0434\u044f\u043a\u0438 \u0447\u043e\u043c\u0443 \u0432\u0456\u043d \u0433\u043b\u0438\u0431\u043e\u043a\u0438\u0439 \u0443 \u0441\u043c\u0430\u043a\u0443, \u0430\u043b\u0435 \u0431\u0435\u0437 \u0432\u0430\u0436\u043a\u043e\u0441\u0442\u0456. \u0421\u0443\u0445\u0435 \u043b\u0438\u0441\u0442\u044f \u043b\u0435\u0433\u043a\u043e \u0432\u043f\u0456\u0437\u043d\u0430\u0442\u0438: <b>\u0441\u0440\u0456\u0431\u043b\u044f\u0441\u0442\u0456 \u0431\u0440\u0443\u043d\u044c\u043a\u0438 \u0442\u0430 \u0442\u0435\u043c\u043d\u0435 \u043b\u0438\u0441\u0442\u044f<\/b> \u0441\u0442\u0432\u043e\u0440\u044e\u044e\u0442\u044c \u043a\u043e\u043d\u0442\u0440\u0430\u0441\u0442, \u0437\u0430 \u044f\u043a\u0438\u0439 \u00ab\u041c\u0456\u0441\u044f\u0447\u043d\u0435 \u0421\u044f\u0439\u0432\u043e\u00bb \u0442\u0430\u043a \u043f\u043e\u043b\u044e\u0431\u043b\u044f\u044e\u0442\u044c. <b>\u0426\u0435 \u0437\u0431\u0456\u0440 \u0432\u0435\u0441\u043d\u0438 2025 \u0440\u043e\u043a\u0443.<\/b><\/p>\n<h3>\u0421\u043c\u0430\u043a \u0456 \u0430\u0440\u043e\u043c\u0430\u0442<\/h3>\n<ul>\n<li class=\"translation-block\">\u041d\u0430\u0441\u0442\u0456\u0439 <b>\u043f\u0440\u043e\u0437\u043e\u0440\u0438\u0439<\/b>, \u0442\u0435\u043f\u043b\u043e\u0433\u043e, <b>\u0437\u043e\u043b\u043e\u0442\u0438\u0441\u0442\u043e\u0433\u043e<\/b> \u0432\u0456\u0434\u0442\u0456\u043d\u043a\u0443.<\/li>\n<li class=\"translation-block\">\u0423 \u0441\u043c\u0430\u043a\u0443: <b>\u043f\u0440\u0438\u0440\u043e\u0434\u043d\u0430, \u043c'\u044f\u043a\u0430 \u0441\u043e\u043b\u043e\u0434\u043a\u0456\u0441\u0442\u044c<\/b>, <b>\u043a\u0440\u0435\u043c\u043e\u0432\u0430 \u0442\u0435\u043a\u0441\u0442\u0443\u0440\u0430<\/b>, <b>\u0442\u043e\u043d\u043a\u0456 \u043a\u0432\u0456\u0442\u043a\u043e\u0432\u0456 \u043d\u043e\u0442\u0438<\/b> \u0442\u0430 <b>\u0441\u0443\u0448\u0435\u043d\u0456 \u0444\u0440\u0443\u043a\u0442\u0438<\/b>.<\/li>\n<li class=\"translation-block\">\u0412 \u0430\u0440\u043e\u043c\u0430\u0442\u0456: <b>\u043c\u0435\u0434<\/b>, \u043b\u0435\u0433\u043a\u0430 <b>\u0444\u0440\u0443\u043a\u0442\u043e\u0432\u0430 \u0456\u043c\u043b\u0430<\/b> \u0442\u0430 <b>\u0441\u0432\u0456\u0436\u0456\u0441\u0442\u044c \u0440\u0430\u043d\u043d\u044c\u043e\u0457 \u0432\u0435\u0441\u043d\u0438<\/b>.<\/li>\n<li class=\"translation-block\">\u0424\u0456\u043d\u0456\u0448: <b>\u0434\u043e\u0432\u0433\u0438\u0439, \u0433\u043b\u0430\u0434\u043a\u0438\u0439, \u043b\u0435\u0433\u043a\u043e \u0441\u043e\u043b\u043e\u0434\u043a\u0438\u0439<\/b>, \u0431\u0435\u0437 \u0433\u0456\u0440\u043a\u043e\u0442\u0438.<\/li>\n<\/ul>\n<h3>\u041f\u043e\u0445\u043e\u0434\u0436\u0435\u043d\u043d\u044f \u0442\u0430 \u043e\u0431\u0440\u043e\u0431\u043a\u0430<\/h3>\n<p class=\"translation-block\">\u0427\u0430\u0439 \u043f\u043e\u0445\u043e\u0434\u0438\u0442\u044c \u0437 <b>\u043f\u043e\u0432\u0456\u0442\u0443 \u0426\u0437\u0456\u043d\u0433\u0443 (\u042e\u043d\u044c\u043d\u0430\u043d\u044c)<\/b>. \u0417\u0431\u0456\u0440 <b>\u0440\u0430\u043d\u043d\u044c\u043e\u0432\u0435\u0441\u043d\u044f\u043d\u0438\u0439<\/b>, \u0440\u0443\u0447\u043d\u0438\u0439 \u2014 \u043e\u0431\u0438\u0440\u0430\u044e\u0442\u044c <b>\u0431\u0440\u0443\u043d\u044c\u043a\u0438 \u0442\u0430 \u0432\u0435\u0440\u0445\u043d\u0454 \u043b\u0438\u0441\u0442\u044f<\/b>. \u041a\u043b\u044e\u0447\u043e\u0432\u0438\u0439 \u0435\u0442\u0430\u043f \u2014 \u0446\u0435 <b>\u0432'\u044f\u043b\u0435\u043d\u043d\u044f \u0432 \u0442\u0456\u043d\u0456 \u0430\u0431\u043e \u0432 \u0442\u0435\u043c\u0440\u044f\u0432\u0456<\/b>, \u0431\u0435\u0437 \u043f\u0440\u044f\u043c\u043e\u0433\u043e \u0441\u043e\u043d\u0446\u044f \u2014 \u0441\u0430\u043c\u0435 \u0446\u0435 \u0444\u043e\u0440\u043c\u0443\u0454 \u0439\u043e\u0433\u043e \u00ab\u043c\u0456\u0441\u044f\u0447\u043d\u0438\u0439\u00bb \u0445\u0430\u0440\u0430\u043a\u0442\u0435\u0440: \u043c'\u044f\u043a\u0438\u0439, \u0433\u0430\u0440\u043c\u043e\u043d\u0456\u0439\u043d\u0438\u0439 \u0456 \u0447\u0438\u0441\u0442\u0438\u0439.<\/p>\n<h3>\u042f\u043a \u0437\u0430\u0432\u0430\u0440\u044e\u0432\u0430\u0442\u0438, \u0449\u043e\u0431 \u0431\u0443\u043b\u043e \u0441\u043c\u0430\u0447\u043d\u043e<\/h3>\n<ul>\n<li class=\"translation-block\"><b>85\u201390\u00b0C<\/b> \u2014 \u0449\u043e\u0431 \u0437\u0431\u0435\u0440\u0435\u0433\u0442\u0438 \u0441\u043e\u043b\u043e\u0434\u043a\u0456\u0441\u0442\u044c \u0456 \u043d\u0456\u0436\u043d\u0456\u0441\u0442\u044c.<\/li>\n<li class=\"translation-block\"><b>\u0413\u0443\u043d\u0444\u0443:<\/b> 4\u20135 \u0433 \u043d\u0430 100 \u043c\u043b, \u043a\u043e\u0440\u043e\u0442\u043a\u0456 \u0437\u0430\u0432\u0430\u0440\u044e\u0432\u0430\u043d\u043d\u044f, \u043f\u043e\u0441\u0442\u0443\u043f\u043e\u0432\u043e \u043f\u043e\u0434\u043e\u0432\u0436\u0443\u0439 \u0447\u0430\u0441.<\/li>\n<li class=\"translation-block\"><b>\u0423 \u0447\u0430\u0439\u043d\u0438\u043a\u0443\/\u043a\u0443\u0445\u043b\u0456:<\/b> 3\u20134 \u0433 \u043d\u0430 200\u2013250 \u043c\u043b, 2\u20133 \u0445\u0432\u0438\u043b\u0438\u043d\u0438.<\/li>\n<\/ul>","protected":false},"excerpt":{"rendered":"<p>Yue Guang Bai (\u6708\u5149\u767d) \u2014 bia\u0142a herbata \u201eKsi\u0119\u017cycowy Blask&#8221; z Yunnanu Delikatna, aksamitna i zaskakuj\u0105co \u201eczysta&#8221; w odbiorze bia\u0142a herbata z prowincji Yunnan. Powstaje z du\u017cych li\u015bci i p\u0105k\u00f3w ze starych drzew herbacianych odmiany Da Ye Zhong, dzi\u0119ki czemu jest g\u0142\u0119boka w smaku, ale bez ci\u0119\u017cko\u015bci. Suchy li\u015b\u0107 \u0142atwo rozpozna\u0107: srebrzyste p\u0105ki i ciemne li\u015bcie [&hellip;]<\/p>\n","protected":false},"featured_media":4269,"comment_status":"open","ping_status":"closed","template":"","meta":{"_uag_custom_page_level_css":"","site-sidebar-layout":"default","site-content-layout":"","ast-site-content-layout":"default","site-content-style":"default","site-sidebar-style":"default","ast-global-header-display":"","ast-banner-title-visibility":"","ast-main-header-display":"","ast-hfb-above-header-display":"","ast-hfb-below-header-display":"","ast-hfb-mobile-header-display":"","site-post-title":"","ast-breadcrumbs-content":"","ast-featured-img":"","footer-sml-layout":"","ast-disable-related-posts":"","theme-transparent-header-meta":"default","adv-header-id-meta":"","stick-header-meta":"","header-above-stick-meta":"","header-main-stick-meta":"","header-below-stick-meta":"","astra-migrate-meta-layouts":"set","ast-page-background-enabled":"default","ast-page-background-meta":{"desktop":{"background-color":"","background-image":"","background-repeat":"repeat","background-position":"center center","background-size":"auto","background-attachment":"scroll","background-type":"","background-media":"","overlay-type":"","overlay-color":"","overlay-opacity":"","overlay-gradient":""},"tablet":{"background-color":"","background-image":"","background-repeat":"repeat","background-position":"center center","background-size":"auto","background-attachment":"scroll","background-type":"","background-media":"","overlay-type":"","overlay-color":"","overlay-opacity":"","overlay-gradient":""},"mobile":{"background-color":"","background-image":"","background-repeat":"repeat","background-position":"center center","background-size":"auto","background-attachment":"scroll","background-type":"","background-media":"","overlay-type":"","overlay-color":"","overlay-opacity":"","overlay-gradient":""}},"ast-content-background-meta":{"desktop":{"background-color":"var(--ast-global-color-5)","background-image":"","background-repeat":"repeat","background-position":"center center","background-size":"auto","background-attachment":"scroll","background-type":"","background-media":"","overlay-type":"","overlay-color":"","overlay-opacity":"","overlay-gradient":""},"tablet":{"background-color":"var(--ast-global-color-5)","background-image":"","background-repeat":"repeat","background-position":"center center","background-size":"auto","background-attachment":"scroll","background-type":"","background-media":"","overlay-type":"","overlay-color":"","overlay-opacity":"","overlay-gradient":""},"mobile":{"background-color":"var(--ast-global-color-5)","background-image":"","background-repeat":"repeat","background-position":"center center","background-size":"auto","background-attachment":"scroll","background-type":"","background-media":"","overlay-type":"","overlay-color":"","overlay-opacity":"","overlay-gradient":""}}},"product_brand":[],"product_cat":[101],"product_tag":[],"class_list":{"0":"post-3294","1":"product","2":"type-product","3":"status-publish","4":"has-post-thumbnail","6":"product_cat-herbata-biala","7":"desktop-align-left","8":"tablet-align-left","9":"mobile-align-left","11":"first","12":"instock","13":"shipping-taxable","14":"purchasable","15":"product-type-variable"},"uagb_featured_image_src":{"full":["https:\/\/i0.wp.com\/www.justcha.pl\/wp-content\/uploads\/2026\/02\/Yue_Guang_Bai_1.webp?fit=2046%2C2048&ssl=1",2046,2048,false],"thumbnail":["https:\/\/i0.wp.com\/www.justcha.pl\/wp-content\/uploads\/2026\/02\/Yue_Guang_Bai_1.webp?resize=150%2C150&ssl=1",150,150,true],"medium":["https:\/\/i0.wp.com\/www.justcha.pl\/wp-content\/uploads\/2026\/02\/Yue_Guang_Bai_1.webp?fit=300%2C300&ssl=1",300,300,true],"medium_large":["https:\/\/i0.wp.com\/www.justcha.pl\/wp-content\/uploads\/2026\/02\/Yue_Guang_Bai_1.webp?fit=768%2C769&ssl=1",768,769,true],"large":["https:\/\/i0.wp.com\/www.justcha.pl\/wp-content\/uploads\/2026\/02\/Yue_Guang_Bai_1.webp?fit=1024%2C1024&ssl=1",1024,1024,true],"1536x1536":["https:\/\/i0.wp.com\/www.justcha.pl\/wp-content\/uploads\/2026\/02\/Yue_Guang_Bai_1.webp?fit=1536%2C1536&ssl=1",1536,1536,true],"2048x2048":["https:\/\/i0.wp.com\/www.justcha.pl\/wp-content\/uploads\/2026\/02\/Yue_Guang_Bai_1.webp?fit=2046%2C2048&ssl=1",2046,2048,true],"trp-custom-language-flag":["https:\/\/i0.wp.com\/www.justcha.pl\/wp-content\/uploads\/2026\/02\/Yue_Guang_Bai_1.webp?fit=12%2C12&ssl=1",12,12,true],"woocommerce_thumbnail":["https:\/\/i0.wp.com\/www.justcha.pl\/wp-content\/uploads\/2026\/02\/Yue_Guang_Bai_1.webp?resize=600%2C600&ssl=1",600,600,true],"woocommerce_single":["https:\/\/i0.wp.com\/www.justcha.pl\/wp-content\/uploads\/2026\/02\/Yue_Guang_Bai_1.webp?fit=600%2C601&ssl=1",600,601,true],"woocommerce_gallery_thumbnail":["https:\/\/i0.wp.com\/www.justcha.pl\/wp-content\/uploads\/2026\/02\/Yue_Guang_Bai_1.webp?resize=100%2C100&ssl=1",100,100,true]},"uagb_author_info":{"display_name":"justcha","author_link":"https:\/\/www.justcha.pl\/uk\/author\/"},"uagb_comment_info":0,"uagb_excerpt":"Yue Guang Bai (\u6708\u5149\u767d) \u2014 bia\u0142a herbata \u201eKsi\u0119\u017cycowy Blask&#8221; z Yunnanu Delikatna, aksamitna i zaskakuj\u0105co \u201eczysta&#8221; w odbiorze bia\u0142a herbata z prowincji Yunnan. Powstaje z du\u017cych li\u015bci i p\u0105k\u00f3w ze starych drzew herbacianych odmiany Da Ye Zhong, dzi\u0119ki czemu jest g\u0142\u0119boka w smaku, ale bez ci\u0119\u017cko\u015bci. Suchy li\u015b\u0107 \u0142atwo rozpozna\u0107: srebrzyste p\u0105ki i ciemne li\u015bcie&hellip;","jetpack_sharing_enabled":true,"_links":{"self":[{"href":"https:\/\/www.justcha.pl\/uk\/wp-json\/wp\/v2\/product\/3294","targetHints":{"allow":["GET"]}}],"collection":[{"href":"https:\/\/www.justcha.pl\/uk\/wp-json\/wp\/v2\/product"}],"about":[{"href":"https:\/\/www.justcha.pl\/uk\/wp-json\/wp\/v2\/types\/product"}],"replies":[{"embeddable":true,"href":"https:\/\/www.justcha.pl\/uk\/wp-json\/wp\/v2\/comments?post=3294"}],"wp:featuredmedia":[{"embeddable":true,"href":"https:\/\/www.justcha.pl\/uk\/wp-json\/wp\/v2\/media\/4269"}],"wp:attachment":[{"href":"https:\/\/www.justcha.pl\/uk\/wp-json\/wp\/v2\/media?parent=3294"}],"wp:term":[{"taxonomy":"product_brand","embeddable":true,"href":"https:\/\/www.justcha.pl\/uk\/wp-json\/wp\/v2\/product_brand?post=3294"},{"taxonomy":"product_cat","embeddable":true,"href":"https:\/\/www.justcha.pl\/uk\/wp-json\/wp\/v2\/product_cat?post=3294"},{"taxonomy":"product_tag","embeddable":true,"href":"https:\/\/www.justcha.pl\/uk\/wp-json\/wp\/v2\/product_tag?post=3294"}],"curies":[{"name":"wp","href":"https:\/\/api.w.org\/{rel}","templated":true}]}}