{"id":3381,"date":"2026-01-27T19:13:59","date_gmt":"2026-01-27T19:13:59","guid":{"rendered":"https:\/\/www.justcha.pl\/product\/gao-huo-da-hong-pao\/"},"modified":"2026-02-18T11:13:58","modified_gmt":"2026-02-18T11:13:58","slug":"gao-huo-da-hong-pao","status":"publish","type":"product","link":"https:\/\/www.justcha.pl\/uk\/product\/gao-huo-da-hong-pao\/","title":{"rendered":"Gao Huo Da Hong Pao"},"content":{"rendered":"<h2>Gao Huo Da Hong Pao (\u9ad8\u706b\u5927\u7ea2\u888d) \u2014 \u0441\u0438\u043b\u044c\u043d\u043e \u043f\u0440\u043e\u0436\u0430\u0440\u0435\u043d\u0438\u0439 \u0441\u043a\u0435\u043b\u044c\u043d\u0438\u0439 \u0443\u043b\u0443\u043d \u0456\u0437 \u0437\u0456\u0433\u0440\u0456\u0432\u0430\u044e\u0447\u0438\u043c \u0445\u0430\u0440\u0430\u043a\u0442\u0435\u0440\u043e\u043c (\u0437\u0431\u0456\u0440 2024)<\/h2>\n<p><\/p>\n<p class=\"translation-block\">\u042f\u043a\u0449\u043e \u0448\u0443\u043a\u0430\u0454\u0448 \u0447\u0430\u0439 \u0437 \u0435\u0444\u0435\u043a\u0442\u043e\u043c \"\u0442\u0435\u043f\u043b\u043e\u0457 \u043a\u043e\u0432\u0434\u0440\u0438\" \u0442\u0430 \u0432\u0438\u0440\u0430\u0437\u043d\u0438\u043c, \u0433\u043b\u0438\u0431\u043e\u043a\u0438\u043c \u0441\u043c\u0430\u043a\u043e\u043c \u2014 <b>Gao Huo Da Hong Pao<\/b> \u0441\u0430\u043c\u0435 \u0432 \u0446\u044c\u043e\u043c\u0443 \u0441\u0442\u0438\u043b\u0456. \u0426\u0435 <b>\u0456\u043d\u0442\u0435\u043d\u0441\u0438\u0432\u043d\u043e \u043f\u0440\u043e\u0436\u0430\u0440\u0435\u043d\u0438\u0439 \u0441\u043a\u0435\u043b\u044c\u043d\u0438\u0439 \u0443\u043b\u0443\u043d<\/b>, \u044f\u043a\u0438\u0439 \u0434\u0430\u0454 \u0433\u0443\u0441\u0442\u0438\u0439, \u043f\u043e\u0432\u043d\u0438\u0439 \u043d\u0430\u0441\u0442\u0456\u0439 \u0456 \u0447\u0443\u0434\u043e\u0432\u043e \u043f\u0456\u0434\u0445\u043e\u0434\u0438\u0442\u044c \u043d\u0430 \u0432\u0435\u0447\u0456\u0440 \u0430\u0431\u043e \u0432 \u043f\u0440\u043e\u0445\u043e\u043b\u043e\u0434\u043d\u0456 \u0434\u043d\u0456.<\/p>\n<h3>\u0421\u043c\u0430\u043a \u0456 \u0430\u0440\u043e\u043c\u0430\u0442<\/h3>\n<p><b><b>\u0429\u043e \u0442\u0438 \u0432\u0456\u0434\u0447\u0443\u0454\u0448 \u0443 \u043d\u0430\u0441\u0442\u043e\u0457<\/b><\/b><\/p>\n<p class=\"translation-block\"><b>\u041d\u0430\u0441\u0438\u0447\u0435\u043d\u0438\u0439, \u0431\u0443\u0440\u0448\u0442\u0438\u043d\u043e\u0432\u0438\u0439 \u043d\u0430\u0441\u0442\u0456\u0439<\/b> \u0437 \u043d\u043e\u0442\u0430\u043c\u0438 <b>\u043a\u0430\u0440\u0430\u043c\u0435\u043b\u0456<\/b>, <b>\u0441\u043c\u0430\u0436\u0435\u043d\u0438\u0445 \u0433\u043e\u0440\u0456\u0445\u0456\u0432<\/b> \u0442\u0430 \u0435\u043b\u0435\u0433\u0430\u043d\u0442\u043d\u0438\u043c\u0438 <b>\u0434\u0435\u0440\u0435\u0432\u043d\u0438\u043c\u0438 \u0430\u043a\u0446\u0435\u043d\u0442\u0430\u043c\u0438<\/b>. \u0412\u0441\u0435 \u00ab\u0442\u0435\u043c\u043d\u0456\u0448\u0435\u00bb, \u0431\u0456\u043b\u044c\u0448 \u0442\u043e\u0441\u0442\u043e\u0432\u0435 \u0456 \u0434\u0443\u0436\u0435 \u043e\u0433\u043e\u0440\u0442\u0430\u044e\u0447\u0435.<\/p>\n<h3>\u0414\u043b\u044f \u043a\u043e\u0433\u043e \u0446\u0435\u0439 \u0447\u0430\u0439<\/h3>\n<p><b>\u0406\u0434\u0435\u0430\u043b\u044c\u043d\u0438\u0439, \u044f\u043a\u0449\u043e\u2026<\/b><\/p>\n<ul>\n<li class=\"translation-block\">\u0442\u0438 \u043b\u044e\u0431\u0438\u0448 <b>\u0433\u0443\u0441\u0442\u0456, \u043f\u043e\u0432\u043d\u0456 \u0443\u043b\u0443\u043d\u0438<\/b> \u0437 \u0441\u0438\u043b\u044c\u043d\u043e \u043f\u0440\u043e\u0436\u0430\u0440\u0435\u043d\u0438\u043c \u043f\u0440\u043e\u0444\u0456\u043b\u0435\u043c<\/li>\n<li class=\"translation-block\">\u0445\u043e\u0447\u0435\u0448 \u0447\u0430\u0439 \u0437 <b>\u0432\u0438\u0440\u0430\u0437\u043d\u043e\u044e, \u0431\u0430\u0434\u044c\u043e\u0440\u043e\u044e \u0434\u0456\u0454\u044e<\/b><\/li>\n<li>\u0446\u0456\u043d\u0443\u0454\u0448 \u0441\u043c\u0430\u043a, \u044f\u043a\u0438\u0439 \u0456\u043d\u0442\u0435\u043d\u0441\u0438\u0432\u043d\u0438\u0439, \u0430\u043b\u0435 \u0432\u0441\u0435 \u0449\u0435 \u00ab\u0447\u0430\u0439\u043d\u0438\u0439\u00bb, \u043d\u0435 \u043f\u0430\u0440\u0444\u0443\u043c\u043e\u0432\u0430\u043d\u0438\u0439<\/li>\n<\/ul>\n<h3>\u042f\u043a \u0437\u0430\u0432\u0430\u0440\u044e\u0432\u0430\u0442\u0438, \u0449\u043e\u0431 \u0431\u0443\u043b\u043e \u00ab\u0432\u0430\u0443\u00bb<\/h3>\n<ul>\n<li class=\"translation-block\">\u0413\u0443\u043d\u0444\u0443:<\/b> 5\u20136 \u0433 \/ 100 \u043c\u043b, <b>95\u2013100\u00b0C<\/b>, \u043a\u043e\u0440\u043e\u0442\u043a\u0456 \u0437\u0430\u0432\u0430\u0440\u044e\u0432\u0430\u043d\u043d\u044f 5\u201310 \u0441, \u043f\u043e\u0442\u0456\u043c \u043f\u043e\u0434\u043e\u0432\u0436\u0443\u0439<\/li>\n<li class=\"translation-block\">\u0423 \u0447\u0430\u0439\u043d\u0438\u043a\u0443:<\/b> 3\u20134 \u0433 \/ 250 \u043c\u043b, <b>95\u00b0C<\/b>, 2\u20133 \u0445\u0432<\/li>\n<li class=\"translation-block\">\u041f\u043e\u0440\u0430\u0434\u0430: \u044f\u043a\u0449\u043e \u0445\u043e\u0447\u0435\u0448 \u043c\u0435\u043d\u0448\u0435 \u00ab\u043e\u0431\u0441\u043c\u0430\u0436\u0435\u043d\u043e\u0441\u0442\u0456\u00bb, \u0437\u0440\u043e\u0431\u0438 <b>\u043a\u043e\u0440\u043e\u0442\u043a\u0435 \u043f\u0440\u043e\u043c\u0438\u0432\u0430\u043d\u043d\u044f<\/b> \u043b\u0438\u0441\u0442\u044f \u0456 \u0442\u0456\u043b\u044c\u043a\u0438 \u043f\u043e\u0442\u0456\u043c \u043f\u0435\u0440\u0448\u0435 \u0437\u0430\u0432\u0430\u0440\u044e\u0432\u0430\u043d\u043d\u044f.<\/li>\n<\/ul>","protected":false},"excerpt":{"rendered":"<p>Gao Huo Da Hong Pao (\u9ad8\u706b\u5927\u7ea2\u888d) \u2014 mocno pra\u017cony oolong skalny o rozgrzewaj\u0105cym charakterze (zbi\u00f3r 2024) Je\u015bli szukasz herbaty z efektem \u201eciep\u0142ego koca&#8221; i wyra\u017anym, g\u0142\u0119bokim smakiem \u2014 Gao Huo Da Hong Pao jest dok\u0142adnie w tym stylu. To intensywnie pra\u017cony rock oolong, kt\u00f3ry daje g\u0119sty, pe\u0142ny napar i \u015bwietnie sprawdza si\u0119 wieczorem albo w [&hellip;]<\/p>\n","protected":false},"featured_media":4258,"comment_status":"open","ping_status":"closed","template":"","meta":{"_uag_custom_page_level_css":"","site-sidebar-layout":"default","site-content-layout":"","ast-site-content-layout":"default","site-content-style":"default","site-sidebar-style":"default","ast-global-header-display":"","ast-banner-title-visibility":"","ast-main-header-display":"","ast-hfb-above-header-display":"","ast-hfb-below-header-display":"","ast-hfb-mobile-header-display":"","site-post-title":"","ast-breadcrumbs-content":"","ast-featured-img":"","footer-sml-layout":"","ast-disable-related-posts":"","theme-transparent-header-meta":"default","adv-header-id-meta":"","stick-header-meta":"","header-above-stick-meta":"","header-main-stick-meta":"","header-below-stick-meta":"","astra-migrate-meta-layouts":"set","ast-page-background-enabled":"default","ast-page-background-meta":{"desktop":{"background-color":"","background-image":"","background-repeat":"repeat","background-position":"center center","background-size":"auto","background-attachment":"scroll","background-type":"","background-media":"","overlay-type":"","overlay-color":"","overlay-opacity":"","overlay-gradient":""},"tablet":{"background-color":"","background-image":"","background-repeat":"repeat","background-position":"center center","background-size":"auto","background-attachment":"scroll","background-type":"","background-media":"","overlay-type":"","overlay-color":"","overlay-opacity":"","overlay-gradient":""},"mobile":{"background-color":"","background-image":"","background-repeat":"repeat","background-position":"center center","background-size":"auto","background-attachment":"scroll","background-type":"","background-media":"","overlay-type":"","overlay-color":"","overlay-opacity":"","overlay-gradient":""}},"ast-content-background-meta":{"desktop":{"background-color":"var(--ast-global-color-5)","background-image":"","background-repeat":"repeat","background-position":"center center","background-size":"auto","background-attachment":"scroll","background-type":"","background-media":"","overlay-type":"","overlay-color":"","overlay-opacity":"","overlay-gradient":""},"tablet":{"background-color":"var(--ast-global-color-5)","background-image":"","background-repeat":"repeat","background-position":"center center","background-size":"auto","background-attachment":"scroll","background-type":"","background-media":"","overlay-type":"","overlay-color":"","overlay-opacity":"","overlay-gradient":""},"mobile":{"background-color":"var(--ast-global-color-5)","background-image":"","background-repeat":"repeat","background-position":"center center","background-size":"auto","background-attachment":"scroll","background-type":"","background-media":"","overlay-type":"","overlay-color":"","overlay-opacity":"","overlay-gradient":""}}},"product_brand":[],"product_cat":[104],"product_tag":[],"class_list":{"0":"post-3381","1":"product","2":"type-product","3":"status-publish","4":"has-post-thumbnail","6":"product_cat-oolong","7":"desktop-align-left","8":"tablet-align-left","9":"mobile-align-left","11":"first","12":"instock","13":"shipping-taxable","14":"purchasable","15":"product-type-variable"},"uagb_featured_image_src":{"full":["https:\/\/www.justcha.pl\/wp-content\/uploads\/2026\/02\/Gao_Huo_Da_Hong_Pao_1.webp",1192,1200,false],"thumbnail":["https:\/\/www.justcha.pl\/wp-content\/uploads\/2026\/02\/Gao_Huo_Da_Hong_Pao_1-150x150.webp",150,150,true],"medium":["https:\/\/www.justcha.pl\/wp-content\/uploads\/2026\/02\/Gao_Huo_Da_Hong_Pao_1-298x300.webp",298,300,true],"medium_large":["https:\/\/www.justcha.pl\/wp-content\/uploads\/2026\/02\/Gao_Huo_Da_Hong_Pao_1-768x773.webp",768,773,true],"large":["https:\/\/www.justcha.pl\/wp-content\/uploads\/2026\/02\/Gao_Huo_Da_Hong_Pao_1-1017x1024.webp",1017,1024,true],"1536x1536":["https:\/\/www.justcha.pl\/wp-content\/uploads\/2026\/02\/Gao_Huo_Da_Hong_Pao_1.webp",1192,1200,false],"2048x2048":["https:\/\/www.justcha.pl\/wp-content\/uploads\/2026\/02\/Gao_Huo_Da_Hong_Pao_1.webp",1192,1200,false],"trp-custom-language-flag":["https:\/\/www.justcha.pl\/wp-content\/uploads\/2026\/02\/Gao_Huo_Da_Hong_Pao_1.webp",12,12,false],"woocommerce_thumbnail":["https:\/\/www.justcha.pl\/wp-content\/uploads\/2026\/02\/Gao_Huo_Da_Hong_Pao_1-600x600.webp",600,600,true],"woocommerce_single":["https:\/\/www.justcha.pl\/wp-content\/uploads\/2026\/02\/Gao_Huo_Da_Hong_Pao_1-600x604.webp",600,604,true],"woocommerce_gallery_thumbnail":["https:\/\/www.justcha.pl\/wp-content\/uploads\/2026\/02\/Gao_Huo_Da_Hong_Pao_1-100x100.webp",100,100,true]},"uagb_author_info":{"display_name":"justcha","author_link":"https:\/\/www.justcha.pl\/uk\/author\/"},"uagb_comment_info":0,"uagb_excerpt":"Gao Huo Da Hong Pao (\u9ad8\u706b\u5927\u7ea2\u888d) \u2014 mocno pra\u017cony oolong skalny o rozgrzewaj\u0105cym charakterze (zbi\u00f3r 2024) Je\u015bli szukasz herbaty z efektem \u201eciep\u0142ego koca&#8221; i wyra\u017anym, g\u0142\u0119bokim smakiem \u2014 Gao Huo Da Hong Pao jest dok\u0142adnie w tym stylu. To intensywnie pra\u017cony rock oolong, kt\u00f3ry daje g\u0119sty, pe\u0142ny napar i \u015bwietnie sprawdza si\u0119 wieczorem albo w&hellip;","_links":{"self":[{"href":"https:\/\/www.justcha.pl\/uk\/wp-json\/wp\/v2\/product\/3381","targetHints":{"allow":["GET"]}}],"collection":[{"href":"https:\/\/www.justcha.pl\/uk\/wp-json\/wp\/v2\/product"}],"about":[{"href":"https:\/\/www.justcha.pl\/uk\/wp-json\/wp\/v2\/types\/product"}],"replies":[{"embeddable":true,"href":"https:\/\/www.justcha.pl\/uk\/wp-json\/wp\/v2\/comments?post=3381"}],"wp:featuredmedia":[{"embeddable":true,"href":"https:\/\/www.justcha.pl\/uk\/wp-json\/wp\/v2\/media\/4258"}],"wp:attachment":[{"href":"https:\/\/www.justcha.pl\/uk\/wp-json\/wp\/v2\/media?parent=3381"}],"wp:term":[{"taxonomy":"product_brand","embeddable":true,"href":"https:\/\/www.justcha.pl\/uk\/wp-json\/wp\/v2\/product_brand?post=3381"},{"taxonomy":"product_cat","embeddable":true,"href":"https:\/\/www.justcha.pl\/uk\/wp-json\/wp\/v2\/product_cat?post=3381"},{"taxonomy":"product_tag","embeddable":true,"href":"https:\/\/www.justcha.pl\/uk\/wp-json\/wp\/v2\/product_tag?post=3381"}],"curies":[{"name":"wp","href":"https:\/\/api.w.org\/{rel}","templated":true}]}}