{"id":5195,"date":"2026-03-24T15:39:42","date_gmt":"2026-03-24T15:39:42","guid":{"rendered":"https:\/\/www.justcha.pl\/?post_type=product&#038;p=5195"},"modified":"2026-03-24T15:40:02","modified_gmt":"2026-03-24T15:40:02","slug":"tan-yang-jin-hao","status":"publish","type":"product","link":"https:\/\/www.justcha.pl\/uk\/product\/tan-yang-jin-hao\/","title":{"rendered":"Tan Yang Jin Hao"},"content":{"rendered":"<h2 class=\"translation-block\"><strong>Tan Yang Jin Hao<\/strong> \u2014 \u0448\u043b\u044f\u0445\u0435\u0442\u043d\u0438\u0439 \u0447\u0435\u0440\u0432\u043e\u043d\u0438\u0439 \u0447\u0430\u0439 \u0456\u0437 \u0441\u043e\u043b\u043e\u0434\u043a\u0438\u043c, \u0448\u043e\u043a\u043e\u043b\u0430\u0434\u043d\u043e-\u0444\u0440\u0443\u043a\u0442\u043e\u0432\u0438\u043c \u0445\u0430\u0440\u0430\u043a\u0442\u0435\u0440\u043e\u043c <strong>(\u0437\u0431\u0456\u0440 \u0432\u0435\u0441\u043d\u0430 2025)<\/strong><\/h2>\n<p class=\"translation-block\"><strong>\u0422\u0430\u043d\u044c \u042f\u043d \u0426\u0437\u0456\u043d\u044c \u0425\u0430\u043e<\/strong>, \u0442\u043e\u0431\u0442\u043e <strong>\u00ab\u0417\u043e\u043b\u043e\u0442\u0456 \u0432\u043e\u0440\u0441\u0438\u043d\u043a\u0438 \u0437 \u0422\u0430\u043d\u044c \u042f\u043d\u00bb<\/strong>, \u2014 \u0446\u0435 \u0432\u0438\u043d\u044f\u0442\u043a\u043e\u0432\u0438\u0439 <strong>\u0447\u0435\u0440\u0432\u043e\u043d\u0438\u0439 \u0447\u0430\u0439 \u0456\u0437 \u043f\u0440\u043e\u0432\u0456\u043d\u0446\u0456\u0457 \u0424\u0443\u0446\u0437\u044f\u043d\u044c<\/strong>, \u0449\u043e \u043f\u043e\u0445\u043e\u0434\u0438\u0442\u044c \u0456\u0437 \u043c\u0456\u0441\u0442\u0435\u0447\u043a\u0430 <strong>\u0422\u0430\u043d\u044c \u042f\u043d<\/strong>, \u0432\u0456\u0434\u043e\u043c\u043e\u0433\u043e \u0432 \u041a\u0438\u0442\u0430\u0457 \u0432\u0438\u0440\u043e\u0431\u043d\u0438\u0446\u0442\u0432\u043e\u043c \u0432\u0438\u0441\u043e\u043a\u043e\u044f\u043a\u0456\u0441\u043d\u0438\u0445 \u0447\u0435\u0440\u0432\u043e\u043d\u0438\u0445 \u0447\u0430\u0457\u0432. \u0421\u0443\u0445\u0435 \u043b\u0438\u0441\u0442\u044f <strong>\u0434\u0440\u0456\u0431\u043d\u0435, \u0442\u0435\u043c\u043d\u0435 \u0442\u0430 \u0431\u043b\u0438\u0441\u043a\u0443\u0447\u0435<\/strong>, \u0430 \u0439\u043e\u0433\u043e \u0430\u0440\u043e\u043c\u0430\u0442 \u043d\u0430\u0433\u0430\u0434\u0443\u0454 <strong>\u0441\u043e\u043b\u043e\u0434\u043a\u0438\u0439 \u0448\u043e\u043a\u043e\u043b\u0430\u0434<\/strong>. \u041d\u0430\u0441\u0442\u0456\u0439 \u043c\u0430\u0454 \u043f\u0440\u043e\u0444\u0456\u043b\u044c <strong>\u0441\u043e\u043b\u043e\u0434\u043a\u0438\u0439, \u0444\u0440\u0443\u043a\u0442\u043e\u0432\u043e-\u0448\u043e\u043a\u043e\u043b\u0430\u0434\u043d\u0438\u0439, \u0437\u043b\u0435\u0433\u043a\u0430 \u043f\u0440\u044f\u043d\u0438\u0439<\/strong> \u0456 \u0437\u0430\u043b\u0438\u0448\u0430\u0454 <strong>\u043f\u0440\u0438\u0454\u043c\u043d\u0438\u0439, \u0442\u0440\u0438\u0432\u0430\u043b\u0438\u0439 \u043f\u0456\u0441\u043b\u044f\u0441\u043c\u0430\u043a<\/strong>.<\/p>\n<h3><strong>\u0421\u043c\u0430\u043a \u0456 \u0430\u0440\u043e\u043c\u0430\u0442<\/strong><\/h3>\n<p><strong>\u0429\u043e \u0432\u0456\u0434\u0447\u0443\u0454\u0448 \u0443 \u0447\u0430\u0448\u0446\u0456<\/strong><\/p>\n<ul>\n<li><strong>\u0441\u043e\u043b\u043e\u0434\u043a\u0438\u0439, \u043c\u2019\u044f\u043a\u0438\u0439 \u0445\u0430\u0440\u0430\u043a\u0442\u0435\u0440<\/strong><\/li>\n<li><strong>\u0448\u043e\u043a\u043e\u043b\u0430\u0434\u043d\u0456 \u0442\u0430 \u0444\u0440\u0443\u043a\u0442\u043e\u0432\u0456 \u043d\u043e\u0442\u0438<\/strong><\/li>\n<li>\u0437\u043b\u0435\u0433\u043a\u0430 \u043f\u0440\u044f\u043d\u0438\u0439 \u0430\u043a\u0446\u0435\u043d\u0442<\/li>\n<li><strong>\u0442\u0440\u0438\u0432\u0430\u043b\u0438\u0439, \u043f\u0440\u0438\u0454\u043c\u043d\u0438\u0439 \u043f\u043e\u0441\u043c\u0430\u043a<\/strong><\/li>\n<\/ul>\n<h3><strong>\u0414\u043b\u044f \u043a\u043e\u0433\u043e \u0446\u0435\u0439 \u0447\u0430\u0439<\/strong><\/h3>\n<p><strong>\u0406\u0434\u0435\u0430\u043b\u044c\u043d\u0438\u0439, \u044f\u043a\u0449\u043e\u2026<\/strong><\/p>\n<ul>\n<li class=\"translation-block\">\u043f\u043e\u043b\u044e\u0431\u043b\u044f\u0454\u0442\u0435 <strong>\u0447\u0435\u0440\u0432\u043e\u043d\u0456 \u0447\u0430\u0457 \u0437 \u043f\u043e\u0432\u043d\u0456\u0448\u0438\u043c, \u0431\u0456\u043b\u044c\u0448 \u0434\u0435\u0441\u0435\u0440\u0442\u043d\u0438\u043c \u043f\u0440\u043e\u0444\u0456\u043b\u0435\u043c<\/strong><\/li>\n<li class=\"translation-block\">\u0448\u0443\u043a\u0430\u0454\u0442\u0435 \u043d\u0430\u0441\u0442\u0456\u0439 <strong>\u0441\u043e\u043b\u043e\u0434\u043a\u0438\u0439, \u0430\u043b\u0435 \u043d\u0435 \u0432\u0430\u0436\u043a\u0438\u0439<\/strong><\/li>\n<li class=\"translation-block\">\u0446\u0456\u043d\u0443\u0454\u0442\u0435 \u0447\u0430\u0457 \u0437 <strong>\u0448\u043e\u043a\u043e\u043b\u0430\u0434\u043d\u043e-\u0444\u0440\u0443\u043a\u0442\u043e\u0432\u0438\u043c \u0445\u0430\u0440\u0430\u043a\u0442\u0435\u0440\u043e\u043c<\/strong><\/li>\n<li class=\"translation-block\">\u0431\u0430\u0436\u0430\u0454\u0442\u0435 \u0447\u0430\u044e, \u044f\u043a\u0438\u0439 \u0434\u043e\u0431\u0440\u0435 \u043f\u0456\u0434\u0445\u043e\u0434\u0438\u0442\u044c \u044f\u043a <strong>\u043d\u0430 \u043a\u043e\u0436\u0435\u043d \u0434\u0435\u043d\u044c<\/strong>, \u0442\u0430\u043a \u0456 \u0434\u043b\u044f \u0441\u043f\u043e\u043a\u0456\u0439\u043d\u043e\u0433\u043e \u0437\u0430\u0432\u0430\u0440\u044e\u0432\u0430\u043d\u043d\u044f \u0491\u0443\u043d\u0444\u0443<\/li>\n<\/ul>\n<h3><strong>\u042f\u043a \u0437\u0430\u0432\u0430\u0440\u044e\u0432\u0430\u0442\u0438, \u0449\u043e\u0431 \u0431\u0443\u043b\u043e \u0441\u043c\u0430\u0447\u043d\u043e<\/strong><\/h3>\n<ul>\n<li class=\"translation-block\"><strong>\u0422\u0435\u043c\u043f\u0435\u0440\u0430\u0442\u0443\u0440\u0430:<\/strong> 95\u2013100\u00b0C<\/li>\n<li class=\"translation-block\"><strong>\u041f\u0440\u043e\u043f\u043e\u0440\u0446\u0456\u044f:<\/strong> 1 \u0433 \/ 30 \u043c\u043b<\/li>\n<li class=\"translation-block\"><strong>\u0490\u0443\u043d\u0444\u0443:<\/strong> 20\u201325 \u0441 \/ 15 \u0441 \/ 20 \u0441 \/ 25 \u0441 \/ 35 \u0441 \/ 50 \u0441 \/ 70 \u0441 \/ 95 \u0441<\/li>\n<li class=\"translation-block\"><strong>\u0412\u0430\u0436\u043b\u0438\u0432\u043e:<\/strong> \u0432\u0438\u0440\u043e\u0431\u043d\u0438\u043a \u0440\u0435\u043a\u043e\u043c\u0435\u043d\u0434\u0443\u0454 \u0441\u043f\u043e\u0447\u0430\u0442\u043a\u0443 \u043a\u043e\u0440\u043e\u0442\u043a\u043e \u043f\u0440\u043e\u043c\u0438\u0442\u0438 \u043b\u0438\u0441\u0442\u044f \u0433\u0430\u0440\u044f\u0447\u043e\u044e \u0432\u043e\u0434\u043e\u044e<\/li>\n<\/ul>\n<h3><strong>\u0406\u043d\u0444\u043e\u0440\u043c\u0430\u0446\u0456\u044f \u043f\u0440\u043e \u0447\u0430\u0439<\/strong><\/h3>\n<ul>\n<li class=\"translation-block\"><strong>\u041f\u043e\u0445\u043e\u0434\u0436\u0435\u043d\u043d\u044f:<\/strong> \u041a\u0438\u0442\u0430\u0439, \u0424\u0443\u0446\u0437\u044f\u043d\u044c<\/li>\n<li class=\"translation-block\"><strong>\u041c\u0456\u0441\u0446\u0435 \/ \u0441\u0430\u0434:<\/strong> \u0422\u0430\u043d\u044c \u042f\u043d \u5766\u6d0b<\/li>\n<li class=\"translation-block\"><strong>\u0417\u0431\u0456\u0440:<\/strong> \u0432\u0435\u0441\u043d\u0430 2025<\/li>\n<li class=\"translation-block\"><strong>\u0412\u0438\u0434:<\/strong> \u0447\u0435\u0440\u0432\u043e\u043d\u0438\u0439 \u0447\u0430\u0439<\/li>\n<li class=\"translation-block\"><strong>\u0425\u0430\u0440\u0430\u043a\u0442\u0435\u0440:<\/strong> \u0441\u043e\u043b\u043e\u0434\u043a\u043e-\u043f\u0440\u044f\u043d\u0438\u0439<\/li>\n<\/ul>","protected":false},"excerpt":{"rendered":"<p>Tan Yang Jin Hao \u2014 szlachetna czerwona herbata o s\u0142odkim, czekoladowo-owocowym charakterze (zbi\u00f3r wiosna 2025) Tan Yang Jin Hao, czyli \u201eGolden Hair from Tan Yang\u201d, to wyj\u0105tkowa herbata czerwona z prowincji Fujian, pochodz\u0105ca z miejscowo\u015bci Tan Yang, znanej w Chinach z produkcji wysokiej jako\u015bci czerwonych herbat. Suche li\u015bcie s\u0105 ma\u0142e, ciemne i b\u0142yszcz\u0105ce, a ich [&hellip;]<\/p>\n","protected":false},"featured_media":5200,"comment_status":"open","ping_status":"closed","template":"","meta":{"_uag_custom_page_level_css":"","site-sidebar-layout":"default","site-content-layout":"","ast-site-content-layout":"default","site-content-style":"default","site-sidebar-style":"default","ast-global-header-display":"","ast-banner-title-visibility":"","ast-main-header-display":"","ast-hfb-above-header-display":"","ast-hfb-below-header-display":"","ast-hfb-mobile-header-display":"","site-post-title":"","ast-breadcrumbs-content":"","ast-featured-img":"","footer-sml-layout":"","ast-disable-related-posts":"","theme-transparent-header-meta":"default","adv-header-id-meta":"","stick-header-meta":"","header-above-stick-meta":"","header-main-stick-meta":"","header-below-stick-meta":"","astra-migrate-meta-layouts":"set","ast-page-background-enabled":"default","ast-page-background-meta":{"desktop":{"background-color":"","background-image":"","background-repeat":"repeat","background-position":"center center","background-size":"auto","background-attachment":"scroll","background-type":"","background-media":"","overlay-type":"","overlay-color":"","overlay-opacity":"","overlay-gradient":""},"tablet":{"background-color":"","background-image":"","background-repeat":"repeat","background-position":"center center","background-size":"auto","background-attachment":"scroll","background-type":"","background-media":"","overlay-type":"","overlay-color":"","overlay-opacity":"","overlay-gradient":""},"mobile":{"background-color":"","background-image":"","background-repeat":"repeat","background-position":"center center","background-size":"auto","background-attachment":"scroll","background-type":"","background-media":"","overlay-type":"","overlay-color":"","overlay-opacity":"","overlay-gradient":""}},"ast-content-background-meta":{"desktop":{"background-color":"var(--ast-global-color-5)","background-image":"","background-repeat":"repeat","background-position":"center center","background-size":"auto","background-attachment":"scroll","background-type":"","background-media":"","overlay-type":"","overlay-color":"","overlay-opacity":"","overlay-gradient":""},"tablet":{"background-color":"var(--ast-global-color-5)","background-image":"","background-repeat":"repeat","background-position":"center center","background-size":"auto","background-attachment":"scroll","background-type":"","background-media":"","overlay-type":"","overlay-color":"","overlay-opacity":"","overlay-gradient":""},"mobile":{"background-color":"var(--ast-global-color-5)","background-image":"","background-repeat":"repeat","background-position":"center center","background-size":"auto","background-attachment":"scroll","background-type":"","background-media":"","overlay-type":"","overlay-color":"","overlay-opacity":"","overlay-gradient":""}}},"product_brand":[],"product_cat":[102],"product_tag":[],"class_list":{"0":"post-5195","1":"product","2":"type-product","3":"status-publish","4":"has-post-thumbnail","6":"product_cat-herbata-czerwona","7":"desktop-align-left","8":"tablet-align-left","9":"mobile-align-left","11":"first","12":"instock","13":"shipping-taxable","14":"purchasable","15":"product-type-variable"},"uagb_featured_image_src":{"full":["https:\/\/www.justcha.pl\/wp-content\/uploads\/2026\/03\/Tan-Yang-Jin-Hao-1.png",2061,2063,false],"thumbnail":["https:\/\/www.justcha.pl\/wp-content\/uploads\/2026\/03\/Tan-Yang-Jin-Hao-1-150x150.png",150,150,true],"medium":["https:\/\/www.justcha.pl\/wp-content\/uploads\/2026\/03\/Tan-Yang-Jin-Hao-1-300x300.png",300,300,true],"medium_large":["https:\/\/www.justcha.pl\/wp-content\/uploads\/2026\/03\/Tan-Yang-Jin-Hao-1-768x769.png",768,769,true],"large":["https:\/\/www.justcha.pl\/wp-content\/uploads\/2026\/03\/Tan-Yang-Jin-Hao-1-1024x1024.png",1024,1024,true],"1536x1536":["https:\/\/www.justcha.pl\/wp-content\/uploads\/2026\/03\/Tan-Yang-Jin-Hao-1-1536x1536.png",1536,1536,true],"2048x2048":["https:\/\/www.justcha.pl\/wp-content\/uploads\/2026\/03\/Tan-Yang-Jin-Hao-1-2046x2048.png",2046,2048,true],"trp-custom-language-flag":["https:\/\/www.justcha.pl\/wp-content\/uploads\/2026\/03\/Tan-Yang-Jin-Hao-1-12x12.png",12,12,true],"woocommerce_thumbnail":["https:\/\/www.justcha.pl\/wp-content\/uploads\/2026\/03\/Tan-Yang-Jin-Hao-1-600x600.png",600,600,true],"woocommerce_single":["https:\/\/www.justcha.pl\/wp-content\/uploads\/2026\/03\/Tan-Yang-Jin-Hao-1-600x600.png",600,600,true],"woocommerce_gallery_thumbnail":["https:\/\/www.justcha.pl\/wp-content\/uploads\/2026\/03\/Tan-Yang-Jin-Hao-1-100x100.png",100,100,true]},"uagb_author_info":{"display_name":"justcha","author_link":"https:\/\/www.justcha.pl\/uk\/author\/"},"uagb_comment_info":0,"uagb_excerpt":"Tan Yang Jin Hao \u2014 szlachetna czerwona herbata o s\u0142odkim, czekoladowo-owocowym charakterze (zbi\u00f3r wiosna 2025) Tan Yang Jin Hao, czyli \u201eGolden Hair from Tan Yang\u201d, to wyj\u0105tkowa herbata czerwona z prowincji Fujian, pochodz\u0105ca z miejscowo\u015bci Tan Yang, znanej w Chinach z produkcji wysokiej jako\u015bci czerwonych herbat. Suche li\u015bcie s\u0105 ma\u0142e, ciemne i b\u0142yszcz\u0105ce, a ich&hellip;","_links":{"self":[{"href":"https:\/\/www.justcha.pl\/uk\/wp-json\/wp\/v2\/product\/5195","targetHints":{"allow":["GET"]}}],"collection":[{"href":"https:\/\/www.justcha.pl\/uk\/wp-json\/wp\/v2\/product"}],"about":[{"href":"https:\/\/www.justcha.pl\/uk\/wp-json\/wp\/v2\/types\/product"}],"replies":[{"embeddable":true,"href":"https:\/\/www.justcha.pl\/uk\/wp-json\/wp\/v2\/comments?post=5195"}],"wp:featuredmedia":[{"embeddable":true,"href":"https:\/\/www.justcha.pl\/uk\/wp-json\/wp\/v2\/media\/5200"}],"wp:attachment":[{"href":"https:\/\/www.justcha.pl\/uk\/wp-json\/wp\/v2\/media?parent=5195"}],"wp:term":[{"taxonomy":"product_brand","embeddable":true,"href":"https:\/\/www.justcha.pl\/uk\/wp-json\/wp\/v2\/product_brand?post=5195"},{"taxonomy":"product_cat","embeddable":true,"href":"https:\/\/www.justcha.pl\/uk\/wp-json\/wp\/v2\/product_cat?post=5195"},{"taxonomy":"product_tag","embeddable":true,"href":"https:\/\/www.justcha.pl\/uk\/wp-json\/wp\/v2\/product_tag?post=5195"}],"curies":[{"name":"wp","href":"https:\/\/api.w.org\/{rel}","templated":true}]}}